{"id":118,"date":"2015-11-01T22:15:28","date_gmt":"2015-11-01T21:15:28","guid":{"rendered":"http:\/\/www.burmester.musin.de\/cms\/?page_id=118"},"modified":"2025-06-06T11:36:50","modified_gmt":"2025-06-06T09:36:50","slug":"foerderverein","status":"publish","type":"page","link":"http:\/\/www.burmester.musin.de\/cms\/foerderverein\/","title":{"rendered":"F\u00f6rderverein"},"content":{"rendered":"<div class=\"wp-block-image\">\n<figure class=\"aligncenter size-full\"><a href=\"http:\/\/www.burmester.musin.de\/cms\/wp-content\/uploads\/2021\/07\/Foerderverein-Logo-2021.png\"><img fetchpriority=\"high\" decoding=\"async\" width=\"852\" height=\"394\" src=\"http:\/\/www.burmester.musin.de\/cms\/wp-content\/uploads\/2021\/07\/Foerderverein-Logo-2021.png\" alt=\"\" class=\"wp-image-3198\" srcset=\"http:\/\/www.burmester.musin.de\/cms\/wp-content\/uploads\/2021\/07\/Foerderverein-Logo-2021.png 852w, http:\/\/www.burmester.musin.de\/cms\/wp-content\/uploads\/2021\/07\/Foerderverein-Logo-2021-300x139.png 300w, http:\/\/www.burmester.musin.de\/cms\/wp-content\/uploads\/2021\/07\/Foerderverein-Logo-2021-768x355.png 768w\" sizes=\"(max-width: 852px) 100vw, 852px\" \/><\/a><\/figure><\/div>\n\n\n<h2 class=\"wp-block-heading\"><strong>\u00dcber uns<\/strong><\/h2>\n\n\n\n<p>Der F\u00f6rderverein der Grundschule Burmesterstra\u00dfe e.V. wurde 2009 gegr\u00fcndet und dient ausschlie\u00dflich und unmittelbar gemeinn\u00fctzigen Zwecken im Bereich der Erziehung und Bildung. Das Ziel ist die finanzielle und organisatorische Unterst\u00fctzung von Aktivit\u00e4ten und Anschaffungen, um den Sch\u00fcler*innen den Schulalltag angenehmer zu gestalten.<\/p>\n\n\n\n<p>Ferner ist der F\u00f6rderverein seit dem Schuljahr 2022\/23 Kooperationspartner f\u00fcr das gebundene Ganztagsangebot. Dies beinhaltet u.a. die Tr\u00e4gerschaft f\u00fcr die externen Angebote im gebundenen Ganztagsunterricht. Das Ganztagsangebot wird ausschlie\u00dflich durch die Regierung von Oberbayern gef\u00f6rdert<em>.<\/em><\/p>\n\n\n\n<p>Der F\u00f6rderverein unterst\u00fctzt ideell und materiell schulische Aktivit\u00e4ten, indem er<\/p>\n\n\n\n<ul class=\"wp-block-list\">\n<li>schnell und unb\u00fcrokratisch Anschaffungen f\u00fcr die Schule t\u00e4tigt.<\/li>\n\n\n\n<li>spezielle Aktivit\u00e4ten, wie Sport- oder Lernf\u00f6rderung und kulturelle Veranstaltungen finanziell unterst\u00fctzt.<\/li>\n\n\n\n<li>einmalige finanzielle Beihilfen an bed\u00fcrftige Sch\u00fcler*innen in sozialen H\u00e4rtef\u00e4llen leistet.<\/li>\n\n\n\n<li>die Gemeinschaft zwischen Eltern, Lehrern und Sch\u00fclern f\u00f6rdert.<\/li>\n\n\n\n<li>mit Interesse und Verst\u00e4ndnis die Belange der Schule unterst\u00fctzt.<\/li>\n<\/ul>\n\n\n\n<p><\/p>\n\n\n\n<h2 class=\"wp-block-heading\">Helfen Sie mit \u2013 werden Sie Mitglied!<\/h2>\n\n\n\n<p>Die Mitglieder des F\u00f6rdervereins m\u00f6chten ein Zeichen setzen und Aktivit\u00e4ten f\u00f6rdern, die nicht selbstverst\u00e4ndlich sind. Gleichzeitig sind wir da, wenn f\u00fcr vermeintliche Kleinigkeiten, die das Lernen angenehmer machen, das Geld fehlt.<\/p>\n\n\n\n<p>Eltern, Freunde und Lehrer der Schule zeigen durch Ihre Mitgliedschaft die&nbsp;<strong>Verbundenheit mit unserer Schule und helfen zugleich, Aktivit\u00e4ten der Schule, die dem Wohl und der Bildung der Kinder dienen, zu unterst\u00fctzen.<\/strong> Doch ebenso freuen wir uns \u00fcber Sponsoren, die uns bei dem einen oder anderen Projekt unter die Arme greifen oder uns eine finanzielle Spende zukommen lassen.<\/p>\n\n\n\n<figure class=\"wp-block-table\"><table><tbody><tr><td><strong>Mitglied werden<\/strong>:\u00a0Der Mitgliedsbeitrag betr\u00e4gt\u00a0<strong>20,- EUR \/ Jahr<\/strong>.\u00a0Laden Sie den hier verlinkten\u00a0<a href=\"http:\/\/www.burmester.musin.de\/cms\/wp-content\/uploads\/2025\/06\/FA\u00b6VE_Flyer.pdf\" target=\"_blank\" rel=\"noreferrer noopener\">Flyer inklusive Mitgliedsantrag<\/a>\u00a0herunter.<br>F\u00fcllen Sie bitte den Antrag aus und geben ihn unterschrieben beim Elternbeirat oder im Schulsekretariat ab, oder werfen ihn in den Briefkasten am Haupteingang. Selbstverst\u00e4ndlich k\u00f6nnen Sie ihn auch per Post senden. Weitere Details finden Sie im Flyer. <br><strong>Einzelspenden<\/strong>:\u00a0Informationen zu Spenden finden Sie ebenfalls im\u00a0<a href=\"http:\/\/www.burmester.musin.de\/cms\/wp-content\/uploads\/2025\/06\/FA\u00b6VE_Flyer.pdf\" target=\"_blank\" rel=\"noreferrer noopener\">Flyer des F\u00f6rdervereins<\/a>.<br><br><strong>Kontoverbindung<\/strong>: F\u00f6rderverein GS Burmesterstr. e.V.<br>IBAN: DE34701900000000314013 (M\u00fcnchner Bank)<br>BIC: GENODEF1M01\u00a0<\/td><\/tr><\/tbody><\/table><\/figure>\n\n\n\n<p>Mitgliedsbeitrag und Spenden f\u00fcr unseren Verein werden beim Finanzamt als gemeinn\u00fctzig anerkannt. Gerne stellen wir Ihnen bei Spenden \u00fcber 300,- EUR einen Spendenbeleg aus. Geben Sie bitte hierzu im \u00dcberweisungsbetreff Ihren Namen und Ihre Postadresse zum Versand des Spendenbeleges an. Bei Betr\u00e4gen bis zu 300,- EUR k\u00f6nnen Sie den Kontoauszug als Nachweis gegen\u00fcber dem Finanzamt verwenden.<\/p>\n\n\n\n<h2 class=\"wp-block-heading\">Ehrenamtlich T\u00e4tige<\/h2>\n\n\n\n<ul class=\"wp-block-list\">\n<li>1. Vorsitzender: Malte Carstensen&nbsp;<\/li>\n\n\n\n<li>2. Vorsitzende: Cindy Wedler<\/li>\n\n\n\n<li>Schatzmeisterin: Saskia Neumann<\/li>\n\n\n\n<li>Mitgliederverwaltung: Edin Huseinagic&nbsp;<\/li>\n\n\n\n<li>Honorarkr\u00e4fteverwaltung: Petra Gr\u00fcnwald<\/li>\n\n\n\n<li>Marketing: Isabella Sch\u00fcller-Radic&nbsp;<\/li>\n<\/ul>\n\n\n\n<h3 class=\"wp-block-heading\"><strong>Anschrift<\/strong><\/h3>\n\n\n\n<p>F\u00f6rderverein der Grundschule Burmesterstra\u00dfe e.V.<br>Burmesterstr. 23<br>80939 M\u00fcnchen<\/p>\n\n\n\n<p><a href=\"http:\/\/www.burmester.musin.de\/\">http:\/\/www.burmester.musin.de\/<\/a><\/p>\n\n\n\n<p>E-Mail: Vorstand@fvBurmi.onmicrosoft.com<\/p>\n\n\n\n<h2 class=\"wp-block-heading\">Auszug aus unseren Projekten und Aktivit\u00e4ten:<\/h2>\n\n\n\n<ul class=\"wp-block-list\">\n<li>Unterst\u00fctzung in den Bereichen Digitalisierung und Medienkompetenzaufbau (u.a. Internet-Zugang, Kopfh\u00f6rer und Aufbewahrungstaschen f\u00fcr Schul-Tablets, Bluetooth, Boxen und Smartboard-Zubeh\u00f6r f\u00fcr die Klassenzimmer sowie die Lern-App Anton)<\/li>\n\n\n\n<li>Teilfinanzierung von Tischtennisplatten f\u00fcr den Schulhof<\/li>\n\n\n\n<li>Fahrzeuge f\u00fcr die bewegte Pause<\/li>\n\n\n\n<li>Eintrittskarten f\u00fcr Theaterbesuche und Konzerte<\/li>\n\n\n\n<li>Konzentrations-, Gewaltpr\u00e4ventions- und Schwimmtrainings f\u00fcr bed\u00fcrftige Kinder<\/li>\n\n\n\n<li>Begr\u00fc\u00dfungsgeschenke f\u00fcr die 1. Klassen sowie<\/li>\n\n\n\n<li>Abschiedsgeschenke f\u00fcr die 4. Klassen<\/li>\n<\/ul>\n\n\n\n<h3 class=\"wp-block-heading\"><strong>\u2026.sowie eine Vielzahl von Einzelfallhilfen im Bedarfsfall<\/strong><\/h3>\n\n\n\n<p><\/p>\n\n\n\n<h2 class=\"wp-block-heading\">&nbsp;&nbsp;&nbsp;&nbsp;&nbsp;&nbsp;&nbsp;Werden Sie jetzt Mitglied&nbsp;<\/h2>\n\n\n\n<p><\/p>\n\n\n\n<h2 class=\"wp-block-heading\">Satzung&nbsp;<\/h2>\n\n\n\n<h3 class=\"wp-block-heading\">Die Satzung finden Sie bei Interesse im Sekretariat.<\/h3>\n\n\n\n<p><\/p>\n\n\n\n<p><\/p>\n\n\n\n<p><\/p>\n","protected":false},"excerpt":{"rendered":"<p>\u00dcber uns Der F\u00f6rderverein der Grundschule Burmesterstra\u00dfe e.V. wurde 2009 gegr\u00fcndet und dient ausschlie\u00dflich und unmittelbar gemeinn\u00fctzigen Zwecken im Bereich der Erziehung und Bildung. Das [&hellip;]<\/p>\n","protected":false},"author":3,"featured_media":0,"parent":0,"menu_order":0,"comment_status":"closed","ping_status":"closed","template":"","meta":{"passster_activate_protection":null,"passster_protect_child_pages":"","passster_protection_type":"password","passster_password":"","passster_activate_overwrite_defaults":"","passster_headline":"","passster_instruction":"","passster_placeholder":"","passster_button":"","passster_id":"","passster_activate_misc_settings":"","passster_redirect_url":"","passster_hide":"no","passster_area_shortcode":"","footnotes":""},"class_list":["post-118","page","type-page","status-publish","hentry"],"_links":{"self":[{"href":"http:\/\/www.burmester.musin.de\/cms\/wp-json\/wp\/v2\/pages\/118"}],"collection":[{"href":"http:\/\/www.burmester.musin.de\/cms\/wp-json\/wp\/v2\/pages"}],"about":[{"href":"http:\/\/www.burmester.musin.de\/cms\/wp-json\/wp\/v2\/types\/page"}],"author":[{"embeddable":true,"href":"http:\/\/www.burmester.musin.de\/cms\/wp-json\/wp\/v2\/users\/3"}],"replies":[{"embeddable":true,"href":"http:\/\/www.burmester.musin.de\/cms\/wp-json\/wp\/v2\/comments?post=118"}],"version-history":[{"count":48,"href":"http:\/\/www.burmester.musin.de\/cms\/wp-json\/wp\/v2\/pages\/118\/revisions"}],"predecessor-version":[{"id":6938,"href":"http:\/\/www.burmester.musin.de\/cms\/wp-json\/wp\/v2\/pages\/118\/revisions\/6938"}],"wp:attachment":[{"href":"http:\/\/www.burmester.musin.de\/cms\/wp-json\/wp\/v2\/media?parent=118"}],"curies":[{"name":"wp","href":"https:\/\/api.w.org\/{rel}","templated":true}]}}