{"id":1424,"date":"2018-09-12T08:03:55","date_gmt":"2018-09-12T06:03:55","guid":{"rendered":"http:\/\/www.burmester.musin.de\/cms\/?page_id=1424"},"modified":"2022-10-20T09:36:09","modified_gmt":"2022-10-20T07:36:09","slug":"schullogo","status":"publish","type":"page","link":"http:\/\/www.burmester.musin.de\/cms\/willkommen\/schullogo\/","title":{"rendered":"Schullogo"},"content":{"rendered":"\n<p class=\"has-black-color has-text-color\">Hallo, ich hei\u00dfe Burmi &#8230;<\/p>\n\n\n\n<p class=\"has-black-color has-text-color\">&#8230; und bin das Maskottchen der Burmesterschule und der Biber in unserem Schullogo. Ich freue mich rie\u00dfig auf Euch!<\/p>\n\n\n\n<p class=\"has-black-color has-text-color\">Wisst Ihr wie unser neues Logo entstanden ist? Na also dann, ich erz\u00e4hle es Euch: Es war einmal eine Mitgliederversammlung des <a href=\"http:\/\/www.burmester.musin.de\/cms\/foerderverein\/\">F\u00f6rdervereins<\/a>. Dort, im Jahre 2017, wurde die Idee geboren, ein neues Logo f\u00fcr die Schule zu entwerfen. Ein Logo, womit die Sch\u00fcler sich identifizieren k\u00f6nnen, das einen Wiedererkennungswert hat und zu unserer Schule und unseren Sch\u00fclern passt. Ein sehr netter Papa hat dann alles in die Wege geleitet, Ideen diskutiert und das Ergebnis kann sich wirklich sehen lassen !<\/p>\n\n\n<div class=\"wp-block-image\">\n<figure class=\"aligncenter\"><a href=\"http:\/\/www.burmester.musin.de\/cms\/wp-content\/uploads\/2018\/09\/Schullogo-Burmi.png\"><img fetchpriority=\"high\" decoding=\"async\" width=\"1024\" height=\"738\" src=\"http:\/\/www.burmester.musin.de\/cms\/wp-content\/uploads\/2018\/09\/Schullogo-Burmi-1024x738.png\" alt=\"\" class=\"wp-image-1426\" srcset=\"http:\/\/www.burmester.musin.de\/cms\/wp-content\/uploads\/2018\/09\/Schullogo-Burmi-1024x738.png 1024w, http:\/\/www.burmester.musin.de\/cms\/wp-content\/uploads\/2018\/09\/Schullogo-Burmi-300x216.png 300w, http:\/\/www.burmester.musin.de\/cms\/wp-content\/uploads\/2018\/09\/Schullogo-Burmi-768x553.png 768w, http:\/\/www.burmester.musin.de\/cms\/wp-content\/uploads\/2018\/09\/Schullogo-Burmi.png 1220w\" sizes=\"(max-width: 1024px) 100vw, 1024px\" \/><\/a><\/figure><\/div>\n\n\n<p><span style=\"color: #000000;\">Diese Story steckt dahinter:<\/span><\/p>\n\n\n\n<ul class=\"wp-block-list\"><li><span style=\"color: #000000;\">Die Farben der Schrift und des Hintergrundes, weiss-blau, stehen f\u00fcr Bayern.<\/span><\/li><li><span style=\"color: #000000;\">Die Farben des Bibers, schwarz-gelb, stehen f\u00fcr M\u00fcnchen.<\/span><\/li><li><span style=\"color: #000000;\">Der Biber nimmt Bezug auf die vielen Biber an der Isar und im Englischen Garten.<\/span><\/li><li><span style=\"color: #000000;\">Das &#8220;B&#8221; ist stilisiert und erinnert an eine Schablone.<\/span><\/li><li><span style=\"color: #000000;\">Auch mit dem Geodreieck rechts beziehen wir uns auf den Namensgeber der Schule \u201cLudwig Burmester\u2019, der am 05.05.1840 in Othmarschen (heute ein Stadtteil Hamburgs) geboren wurde und lange Professor f\u00fcr Geometrie an der TU M\u00fcnchen war.<\/span><\/li><li><span style=\"color: #000000;\">Er ist Namensgeber des &#8220;Burmester-Lineals&#8221; bzw. der &#8220;Burmester-Schablone&#8221;.<\/span><\/li><\/ul>\n","protected":false},"excerpt":{"rendered":"<p>Hallo, ich hei\u00dfe Burmi &#8230; &#8230; und bin das Maskottchen der Burmesterschule und der Biber in unserem Schullogo. Ich freue mich rie\u00dfig auf Euch! Wisst [&hellip;]<\/p>\n","protected":false},"author":2,"featured_media":0,"parent":2,"menu_order":0,"comment_status":"closed","ping_status":"closed","template":"","meta":{"passster_activate_protection":null,"passster_protect_child_pages":"","passster_protection_type":"password","passster_password":"","passster_activate_overwrite_defaults":"","passster_headline":"","passster_instruction":"","passster_placeholder":"","passster_button":"","passster_id":"","passster_activate_misc_settings":"","passster_redirect_url":"","passster_hide":"no","passster_area_shortcode":"","footnotes":""},"class_list":["post-1424","page","type-page","status-publish","hentry"],"_links":{"self":[{"href":"http:\/\/www.burmester.musin.de\/cms\/wp-json\/wp\/v2\/pages\/1424"}],"collection":[{"href":"http:\/\/www.burmester.musin.de\/cms\/wp-json\/wp\/v2\/pages"}],"about":[{"href":"http:\/\/www.burmester.musin.de\/cms\/wp-json\/wp\/v2\/types\/page"}],"author":[{"embeddable":true,"href":"http:\/\/www.burmester.musin.de\/cms\/wp-json\/wp\/v2\/users\/2"}],"replies":[{"embeddable":true,"href":"http:\/\/www.burmester.musin.de\/cms\/wp-json\/wp\/v2\/comments?post=1424"}],"version-history":[{"count":15,"href":"http:\/\/www.burmester.musin.de\/cms\/wp-json\/wp\/v2\/pages\/1424\/revisions"}],"predecessor-version":[{"id":5950,"href":"http:\/\/www.burmester.musin.de\/cms\/wp-json\/wp\/v2\/pages\/1424\/revisions\/5950"}],"up":[{"embeddable":true,"href":"http:\/\/www.burmester.musin.de\/cms\/wp-json\/wp\/v2\/pages\/2"}],"wp:attachment":[{"href":"http:\/\/www.burmester.musin.de\/cms\/wp-json\/wp\/v2\/media?parent=1424"}],"curies":[{"name":"wp","href":"https:\/\/api.w.org\/{rel}","templated":true}]}}