{"id":25,"date":"2015-10-16T15:25:57","date_gmt":"2015-10-16T13:25:57","guid":{"rendered":"http:\/\/www.burmester.musin.de\/cms\/?page_id=25"},"modified":"2023-09-29T15:00:54","modified_gmt":"2023-09-29T13:00:54","slug":"ueberblick","status":"publish","type":"page","link":"http:\/\/www.burmester.musin.de\/cms\/willkommen\/ueberblick\/","title":{"rendered":"\u00dcberblick"},"content":{"rendered":"\n<p>N<span style=\"color: #000000;\">achfolgende finden Sie Informationen zur Lage und Geschichte, den Schulaktivit\u00e4ten und dem Sicherheitskonzept.<\/span><\/p>\n\n\n\n<h2 class=\"wp-block-heading\">Lage und Geschichte<\/h2>\n\n\n\n<p><span style=\"color: #000000;\">Die Grundschule an der Burmesterstra\u00dfe liegt im Norden M\u00fcnchens im Stadtteil Freimann. Von der U-Bahnstation Kieferngarten sind es nur wenige Minuten zu Fu\u00df zur Schule.<\/span><\/p>\n\n\n\n<p><iframe style=\"border: 0;\" src=\"https:\/\/www.google.com\/maps\/embed?pb=!1m18!1m12!1m3!1d2659.136365999028!2d11.614828815889473!3d48.203989254511605!2m3!1f0!2f0!3f0!3m2!1i1024!2i768!4f13.1!3m3!1m2!1s0x479e747a666fcbed%3A0x5f686b56d163d877!2sBurmesterstra%C3%9Fe+23%2C+80939+M%C3%BCnchen!5e0!3m2!1sde!2sde!4v1446360839912\" allowfullscreen=\"allowfullscreen\" width=\"600\" height=\"450\" frameborder=\"0\"><\/iframe><\/p>\n\n\n\n<p class=\"has-black-color has-text-color\">In Freimann gab es vor 30 Jahren als schulische Einrichtungen eine Grund- und eine Hauptschule. Sie waren im Schulhaus an der Situlistra\u00dfe beheimatet. Dort gab es erhebliche Platzprobleme. Obwohl vier Pavillon-Lehrs\u00e4le in der Schulanlage aufgestellt waren, gab es damals Schichtunterricht.<\/p>\n\n\n\n<p class=\"has-black-color has-text-color\">So begann im Jahre 1970 das Baureferat mit der Planung der Schulanlage an der Burmestertra\u00dfe.<\/p>\n\n\n\n<p class=\"has-black-color has-text-color\">Im September 1974, zu Beginn des Schuljahres 1974\/75, zogen 582 Sch\u00fcler der Grundschule an der Situlistra\u00dfe mit ihren Lehrern in ihr neues Schulhaus ein.<\/p>\n\n\n\n<p class=\"has-black-color has-text-color\">Am 14. Februar wurde die Schule in einem Festakt mit zahlreichen Ehreng\u00e4sten <span style=\"color: #000000;\">eingeweiht.<\/span><\/p>\n\n\n\n<h2 class=\"wp-block-heading\">Aktivit\u00e4ten<\/h2>\n\n\n\n<h3 class=\"wp-block-heading\">Fr\u00fchst\u00fcck an der Burmesterschule<\/h3>\n\n\n\n<p class=\"has-black-color has-text-color\">Mit Unterst\u00fctzung von brotZeit e.V. gibt es an der Schule t\u00e4glich von 7.00 bis 7.45 Uhr Fr\u00fchst\u00fcck f\u00fcr unsere Sch\u00fclerinnen und Sch\u00fcler. Nach Voranmeldung k\u00f6nnen sich die Kleinen Kakao Milch, M\u00fcsli, Cornflakes und leckere Toasts schmecken lassen. Wir danken allen ehrenamtlichen Helferinnen f\u00fcr ihre Unterst\u00fctzung und ihr gro\u00dfes Engagement.<\/p>\n\n\n\n<h3 class=\"wp-block-heading\">Gesunde Ern\u00e4hrung: Obst und Gem\u00fcse an der Burmesterschule<\/h3>\n\n\n\n<p class=\"has-black-color has-text-color\">Im Rahmen des von der EU unterst\u00fctzten Schulfruchtprogramms erhalten alle Kinder der Schule immer dienstags leckeres Obst oder Gem\u00fcse. Die Jungen und M\u00e4dchen k\u00f6nnen \u00c4pfel, Birnen, Mandarinen, Karotten, &#8230; genie\u00dfen. F\u00fcr Abwechslung ist gesorgt, besonders beliebt sind Bananen. Schulleitung und Kollegium der Schule ist an diesem Projekt einiges gelegen, ist es doch ein kleiner Beitrag zur gesunden Ern\u00e4hrung unserer Sch\u00fcler und Sch\u00fclerinnen. Und so manches Kind kommt vielleicht erst auf den Geschmack, wie lecker Fr\u00fcchte sein k\u00f6nnen &#8230;<\/p>\n\n\n\n<h3 class=\"wp-block-heading\">SuFiTaKa<\/h3>\n\n\n\n<p class=\"has-black-color has-text-color\">J<b>SuFiTaKa<\/b> (<strong>Su<\/strong>chen, <strong>Fi<\/strong>nden, <strong>Ta<\/strong>uschen, <strong>Ka<\/strong>ufen) ist ein etabliertes Highlight an der Burmesterschule. Kinder, Eltern und Lehrer genie\u00dfen Jahr f\u00fcr Jahr das gesch\u00e4ftige Treiben. Es geht um Kompetenzaufbau zum Thema Kaufen, Tauschen, Handeln. In einer &#8220;gesch\u00fctzten&#8221; Umgebung k\u00f6nnen die Kinder Erfahrungen sammeln, wodurch die Veranstaltung einen wichtigen p\u00e4dagogischen Aspekt adressiert, der die Kinder durch alle Schulen (Sammelbilder etc.) und nat\u00fcrlich auch durchs Leben begleitet.<\/p>\n\n\n\n<h3 class=\"wp-block-heading\">Sommerfest<\/h3>\n\n\n\n<p class=\"has-black-color has-text-color\">Jedes Jahr findet Ende Juni das Sommerfest der Schule statt. Gro\u00df und klein feiert ein hoffentlich gelungenes Schuljahr. Die Kinder vergn\u00fcgen sich an den zahlreichen Spielst\u00e4nden. Meist gibt es noch eine besondere Attraktion wie z.B. eine H\u00fcpfburg oder einen Riesen-Kicker. F\u00fcr das leibliche Wohl sorgt der Elternbeirat. Dank der zahlreichen und sehr vielf\u00e4ltigen K\u00f6stlichkeiten findet jeder etwas nach seinem Geschmack. Auch die Feuerwehr und andere Hilfsdienste sind zu Gast und zeigen den Kindern ihre Ger\u00e4tschaften. F\u00fcr eine Extra-Dusche bei hohen Temperaturen ist dann auch gesorgt.<\/p>\n\n\n\n<h3 class=\"wp-block-heading\">\u00d6kumenische Gottesdienste<\/h3>\n\n\n\n<p class=\"has-black-color has-text-color\">Jedes Jahr feiert die Burmesterschule zwei \u00f6kumenische Gottesdienste in der Hoffnungskirche.<\/p>\n\n\n\n<h3 class=\"wp-block-heading\">Weiter Aktivit\u00e4ten<\/h3>\n\n\n\n<ul class=\"wp-block-list\">\n<li><span style=\"color: #000000;\">Schullandheimaufenthalte<\/span><\/li>\n\n\n\n<li><span style=\"color: #000000;\">Wandertage<\/span><\/li>\n\n\n\n<li><span style=\"color: #000000;\">Unterrichtsfahrten<\/span><\/li>\n\n\n\n<li><span style=\"color: #000000;\">Schulweg-Olympiade<\/span><\/li>\n\n\n\n<li><span style=\"color: #000000;\">Lesen\u00e4chte<\/span><\/li>\n\n\n\n<li><span style=\"color: #000000;\">Theaterbesuche<\/span><\/li>\n\n\n\n<li><span style=\"color: #000000;\">Zoobesuche<\/span><\/li>\n\n\n\n<li><span style=\"color: #000000;\">Museumsbesuche<\/span><\/li>\n\n\n\n<li><span style=\"color: #000000;\">Autorenlesungen<\/span><\/li>\n\n\n\n<li><span style=\"color: #000000;\">Ausstellungen<\/span><\/li>\n\n\n\n<li><span style=\"color: #000000;\">Fu\u00dfballturniere<\/span><\/li>\n\n\n\n<li><span style=\"color: #000000;\">Bundesjugendspiele<\/span><\/li>\n\n\n\n<li><span style=\"color: #000000;\">Sporttag<\/span><\/li>\n\n\n\n<li><span style=\"color: #000000;\">K.I.D.S. (&#8220;K\u00fcnstler in die Schule&#8221;)<\/span><\/li>\n\n\n\n<li><span style=\"color: #000000;\">Pr\u00e4ventionsprojekt &#8220;aufgschaut&#8221;<\/span><\/li>\n\n\n\n<li><span style=\"color: #000000;\">gemeinsamer Theatertag<\/span><\/li>\n\n\n\n<li><span style=\"color: #000000;\">ganzj\u00e4hriges Leseprojekt<\/span><\/li>\n<\/ul>\n\n\n\n<h2 class=\"wp-block-heading\">Sicherheitskonzept<\/h2>\n\n\n\n<p class=\"has-black-color has-text-color\">Information zu baulichen Gegebenheiten, Alamierung im Katastrophenfall und Notfall-Koordination sind Teil des Sicherheitskonzeptes.<\/p>\n","protected":false},"excerpt":{"rendered":"<p>Nachfolgende finden Sie Informationen zur Lage und Geschichte, den Schulaktivit\u00e4ten und dem Sicherheitskonzept. Lage und Geschichte Die Grundschule an der Burmesterstra\u00dfe liegt im Norden M\u00fcnchens [&hellip;]<\/p>\n","protected":false},"author":2,"featured_media":0,"parent":2,"menu_order":0,"comment_status":"closed","ping_status":"closed","template":"","meta":{"passster_activate_protection":null,"passster_protect_child_pages":"","passster_protection_type":"password","passster_password":"","passster_activate_overwrite_defaults":"","passster_headline":"","passster_instruction":"","passster_placeholder":"","passster_button":"","passster_id":"","passster_activate_misc_settings":"","passster_redirect_url":"","passster_hide":"no","passster_area_shortcode":"","footnotes":""},"class_list":["post-25","page","type-page","status-publish","hentry"],"_links":{"self":[{"href":"http:\/\/www.burmester.musin.de\/cms\/wp-json\/wp\/v2\/pages\/25"}],"collection":[{"href":"http:\/\/www.burmester.musin.de\/cms\/wp-json\/wp\/v2\/pages"}],"about":[{"href":"http:\/\/www.burmester.musin.de\/cms\/wp-json\/wp\/v2\/types\/page"}],"author":[{"embeddable":true,"href":"http:\/\/www.burmester.musin.de\/cms\/wp-json\/wp\/v2\/users\/2"}],"replies":[{"embeddable":true,"href":"http:\/\/www.burmester.musin.de\/cms\/wp-json\/wp\/v2\/comments?post=25"}],"version-history":[{"count":26,"href":"http:\/\/www.burmester.musin.de\/cms\/wp-json\/wp\/v2\/pages\/25\/revisions"}],"predecessor-version":[{"id":7036,"href":"http:\/\/www.burmester.musin.de\/cms\/wp-json\/wp\/v2\/pages\/25\/revisions\/7036"}],"up":[{"embeddable":true,"href":"http:\/\/www.burmester.musin.de\/cms\/wp-json\/wp\/v2\/pages\/2"}],"wp:attachment":[{"href":"http:\/\/www.burmester.musin.de\/cms\/wp-json\/wp\/v2\/media?parent=25"}],"curies":[{"name":"wp","href":"https:\/\/api.w.org\/{rel}","templated":true}]}}