{"id":3483,"date":"2021-10-11T17:37:06","date_gmt":"2021-10-11T15:37:06","guid":{"rendered":"http:\/\/www.burmester.musin.de\/cms\/?page_id=3483"},"modified":"2023-09-04T19:47:06","modified_gmt":"2023-09-04T17:47:06","slug":"impressionen","status":"publish","type":"page","link":"http:\/\/www.burmester.musin.de\/cms\/impressionen\/","title":{"rendered":"Impressionen"},"content":{"rendered":"\t\t<div data-elementor-type=\"wp-page\" data-elementor-id=\"3483\" class=\"elementor elementor-3483\">\n\t\t\t\t\t\t<section class=\"elementor-section elementor-top-section elementor-element elementor-element-4e84436b elementor-section-boxed elementor-section-height-default elementor-section-height-default\" data-id=\"4e84436b\" data-element_type=\"section\" data-e-type=\"section\">\n\t\t\t\t\t\t<div class=\"elementor-container elementor-column-gap-default\">\n\t\t\t\t\t<div class=\"elementor-column elementor-col-100 elementor-top-column elementor-element elementor-element-6763b928\" data-id=\"6763b928\" data-element_type=\"column\" data-e-type=\"column\">\n\t\t\t<div class=\"elementor-widget-wrap elementor-element-populated\">\n\t\t\t\t\t\t<div class=\"elementor-element elementor-element-360c4595 elementor-widget elementor-widget-text-editor\" data-id=\"360c4595\" data-element_type=\"widget\" data-e-type=\"widget\" data-widget_type=\"text-editor.default\">\n\t\t\t\t<div class=\"elementor-widget-container\">\n\t\t\t\t\t\t\t\t\t<p><\/p>\n<p><style>\/*! elementor - v3.10.0 - 09-01-2023 *\/<br \/>.elementor-heading-title{padding:0;margin:0;line-height:1}.elementor-widget-heading .elementor-heading-title[class*=elementor-size-]>a{color:inherit;font-size:inherit;line-height:inherit}.elementor-widget-heading .elementor-heading-title.elementor-size-small{font-size:15px}.elementor-widget-heading .elementor-heading-title.elementor-size-medium{font-size:19px}.elementor-widget-heading .elementor-heading-title.elementor-size-large{font-size:29px}.elementor-widget-heading .elementor-heading-title.elementor-size-xl{font-size:39px}.elementor-widget-heading .elementor-heading-title.elementor-size-xxl{font-size:59px}<\/style>\n<\/p>\n<p><\/p>\n<p><\/p>\n<h3 class=\"wp-block-heading\">Das ist unser Schulhaus von au\u00dfen.<\/h3>\n<p><\/p>\n<p><\/p>\n<p><style>\/*! elementor - v3.10.0 - 09-01-2023 *\/<br \/>.elementor-widget-image{text-align:center}.elementor-widget-image a{display:inline-block}.elementor-widget-image a img[src$=\".svg\"]{width:48px}.elementor-widget-image img{vertical-align:middle;display:inline-block}<\/style>\n<\/p>\n<p><\/p>\n<p><\/p>\n<figure class=\"wp-block-image\"><img decoding=\"async\" src=\"http:\/\/www.burmester.musin.de\/cms\/wp-content\/uploads\/2021\/09\/cropped-image-1.jpeg\" alt=\"\"><\/figure>\n<p><\/p>\n<p><\/p>\n<h3 class=\"wp-block-heading\">Auf unserem Pausenhof findet sich unser Seilnetz-Kletterger\u00fcst.<\/h3>\n<p><\/p>\n<p><\/p>\n<figure class=\"wp-block-image\"><img decoding=\"async\" src=\"http:\/\/www.burmester.musin.de\/cms\/wp-content\/uploads\/2016\/06\/IMG_0005-1024x768.jpg\" alt=\"\"><\/figure>\n<p><\/p>\n<p><\/p>\n<h3 class=\"wp-block-heading\">Au\u00dferdem haben die Sch\u00fcler die M\u00f6glichkeiten zu klettern, zu balancieren und zu rutschen.<\/h3>\n<p><\/p>\n<p><\/p>\n<figure class=\"wp-block-image\"><img decoding=\"async\" src=\"http:\/\/www.burmester.musin.de\/cms\/wp-content\/uploads\/2016\/06\/IMG_0016-1024x768.jpg\" alt=\"\"><\/figure>\n<p><\/p>\n<p><\/p>\n<figure class=\"wp-block-image\"><img decoding=\"async\" src=\"http:\/\/www.burmester.musin.de\/cms\/wp-content\/uploads\/2016\/06\/IMG_0011-1024x768.jpg\" alt=\"\"><\/figure>\n<p><\/p>\n<p><\/p>\n<h3 class=\"wp-block-heading\">Auf dem roten Platz l\u00e4sst es sich wunderbar Fu\u00dfball spielen.<\/h3>\n<p><\/p>\n<p><\/p>\n<figure class=\"wp-block-image\"><img decoding=\"async\" src=\"http:\/\/www.burmester.musin.de\/cms\/wp-content\/uploads\/2021\/11\/IMG_1414-1024x768.jpg\" alt=\"\"><\/figure>\n<p><\/p>\n<p><\/p>\n<h3 class=\"wp-block-heading\">Die 4. Klassen lernen auf unserem Fahrrad\u00fcbungsplatz das verkehrssichere Radfahren.<\/h3>\n<p><\/p>\n<p><\/p>\n<figure class=\"wp-block-image\"><img decoding=\"async\" src=\"http:\/\/www.burmester.musin.de\/cms\/wp-content\/uploads\/2021\/11\/IMG_1421-768x1024.jpg\" alt=\"\"><\/figure>\n<p><\/p>\n<p><\/p>\n<h3 class=\"wp-block-heading\">Auf den Stockwerken finden sich Bereiche zum lernen und sitzen.<\/h3>\n<p><\/p>\n<p><\/p>\n<figure class=\"wp-block-image\"><img decoding=\"async\" src=\"http:\/\/www.burmester.musin.de\/cms\/wp-content\/uploads\/2021\/11\/IMG_0677-1024x768.jpg\" alt=\"\"><\/figure>\n<p><\/p>\n<p><\/p>\n<h3 class=\"wp-block-heading\">Eines unserer Klassenzimmer.<\/h3>\n<p><\/p>\n<p><\/p>\n<figure class=\"wp-block-image\"><img decoding=\"async\" src=\"http:\/\/www.burmester.musin.de\/cms\/wp-content\/uploads\/2016\/01\/DSC04699-1024x683.jpg\" alt=\"\"><\/figure>\n<p><\/p>\n<p><\/p>\n<h3 class=\"wp-block-heading\">Das ist unser Uni-Klassenzimmer. Hier lernen die Kinder gemeinsam mit Studenten und Dozenten der Ludwig-Maximilians-Univerist\u00e4t M\u00fcnchen.<\/h3>\n<p><\/p>\n<p><\/p>\n<figure class=\"wp-block-image\"><img decoding=\"async\" src=\"http:\/\/www.burmester.musin.de\/cms\/wp-content\/uploads\/2016\/01\/DSC04705-1024x683.jpg\" alt=\"\"><\/figure>\n<p><\/p>\n<p><\/p>\n<h3 class=\"wp-block-heading\">In unserer Mensa k\u00f6nnen unsere Sch\u00fcler fr\u00fchst\u00fccken und die Ganztagsklassen k\u00f6nnen ihr Mittagessen zu sich nehmen.<\/h3>\n<p><\/p>\n<p><\/p>\n<figure class=\"wp-block-image\"><img decoding=\"async\" src=\"http:\/\/www.burmester.musin.de\/cms\/wp-content\/uploads\/2021\/11\/IMG_0676-2-1024x768.jpg\" alt=\"\"><\/figure>\n<p><\/p>\n<p><\/p>\n<h3 class=\"wp-block-heading\">In unserem hauseigenen Schwimmbad lernen und verbessern unsere Sch\u00fcler ihre Schwimmf\u00e4higkeit.<\/h3>\n<p><\/p>\n<p><\/p>\n<figure class=\"wp-block-image\"><img decoding=\"async\" src=\"http:\/\/www.burmester.musin.de\/cms\/wp-content\/uploads\/2016\/01\/DSC04728-1024x683.jpg\" alt=\"\"><\/figure>\n<p><\/p>\t\t\t\t\t\t\t\t<\/div>\n\t\t\t\t<\/div>\n\t\t\t\t\t<\/div>\n\t\t<\/div>\n\t\t\t\t\t<\/div>\n\t\t<\/section>\n\t\t\t\t<\/div>\n\t\t","protected":false},"excerpt":{"rendered":"<p>Das ist unser Schulhaus von au\u00dfen. Auf unserem Pausenhof findet sich unser Seilnetz-Kletterger\u00fcst. Au\u00dferdem haben die Sch\u00fcler die M\u00f6glichkeiten zu klettern, zu balancieren und zu [&hellip;]<\/p>\n","protected":false},"author":2,"featured_media":0,"parent":0,"menu_order":0,"comment_status":"closed","ping_status":"closed","template":"","meta":{"passster_activate_protection":null,"passster_protect_child_pages":"","passster_protection_type":"password","passster_password":"","passster_activate_overwrite_defaults":"","passster_headline":"","passster_instruction":"","passster_placeholder":"","passster_button":"","passster_id":"","passster_activate_misc_settings":"","passster_redirect_url":"","passster_hide":"no","passster_area_shortcode":"","footnotes":""},"class_list":["post-3483","page","type-page","status-publish","hentry"],"_links":{"self":[{"href":"http:\/\/www.burmester.musin.de\/cms\/wp-json\/wp\/v2\/pages\/3483"}],"collection":[{"href":"http:\/\/www.burmester.musin.de\/cms\/wp-json\/wp\/v2\/pages"}],"about":[{"href":"http:\/\/www.burmester.musin.de\/cms\/wp-json\/wp\/v2\/types\/page"}],"author":[{"embeddable":true,"href":"http:\/\/www.burmester.musin.de\/cms\/wp-json\/wp\/v2\/users\/2"}],"replies":[{"embeddable":true,"href":"http:\/\/www.burmester.musin.de\/cms\/wp-json\/wp\/v2\/comments?post=3483"}],"version-history":[{"count":47,"href":"http:\/\/www.burmester.musin.de\/cms\/wp-json\/wp\/v2\/pages\/3483\/revisions"}],"predecessor-version":[{"id":5689,"href":"http:\/\/www.burmester.musin.de\/cms\/wp-json\/wp\/v2\/pages\/3483\/revisions\/5689"}],"wp:attachment":[{"href":"http:\/\/www.burmester.musin.de\/cms\/wp-json\/wp\/v2\/media?parent=3483"}],"curies":[{"name":"wp","href":"https:\/\/api.w.org\/{rel}","templated":true}]}}