{"id":4569,"date":"2022-05-25T10:23:06","date_gmt":"2022-05-25T08:23:06","guid":{"rendered":"http:\/\/www.burmester.musin.de\/cms\/?page_id=4569"},"modified":"2022-07-19T22:50:14","modified_gmt":"2022-07-19T20:50:14","slug":"presse","status":"publish","type":"page","link":"http:\/\/www.burmester.musin.de\/cms\/presse\/","title":{"rendered":"Presse"},"content":{"rendered":"\n<h2 class=\"wp-block-heading\">Projekt \u201eSchule f\u00fcrs Leben\u201c: Kreisb\u00e4uerinnen begr\u00fc\u00dften die 4b am Farchanter \u201eBoanegger Hof\u201c<\/h2>\n\n\n\n<figure class=\"wp-block-image size-large\"><a href=\"http:\/\/www.burmester.musin.de\/cms\/wp-content\/uploads\/2022\/07\/Bildschirmfoto-2022-07-19-um-22.41.59.png\"><img fetchpriority=\"high\" decoding=\"async\" width=\"1024\" height=\"574\" src=\"http:\/\/www.burmester.musin.de\/cms\/wp-content\/uploads\/2022\/07\/Bildschirmfoto-2022-07-19-um-22.41.59-1024x574.png\" alt=\"\" class=\"wp-image-4822\" srcset=\"http:\/\/www.burmester.musin.de\/cms\/wp-content\/uploads\/2022\/07\/Bildschirmfoto-2022-07-19-um-22.41.59-1024x574.png 1024w, http:\/\/www.burmester.musin.de\/cms\/wp-content\/uploads\/2022\/07\/Bildschirmfoto-2022-07-19-um-22.41.59-300x168.png 300w, http:\/\/www.burmester.musin.de\/cms\/wp-content\/uploads\/2022\/07\/Bildschirmfoto-2022-07-19-um-22.41.59-768x431.png 768w, http:\/\/www.burmester.musin.de\/cms\/wp-content\/uploads\/2022\/07\/Bildschirmfoto-2022-07-19-um-22.41.59.png 1526w\" sizes=\"(max-width: 1024px) 100vw, 1024px\" \/><\/a><\/figure>\n\n\n\n<p>Kreisb\u00e4uerin Christine Singer (links) und ihre Stellvertreterin Lisa Kr\u00f6tz (rechts hinten) mit den Kindern der Klasse 4b der Grundschule aus M\u00fcnchen. \u00a9\u00a0BBV Christine Singer<\/p>\n\n\n\n<p>Den Zeitungsartikel des Kreisboten vom 09.06.2022 finden Sie <a href=\"https:\/\/www.kreisbote.de\/lokales\/garmisch-partenkirchen\/kreisbaeuerinnen-begruessten-grundschulklasse-am-farchanter-boanegger-hof-91595340.html\">hier<\/a>.<\/p>\n\n\n\n<h2 class=\"wp-block-heading\">Preis f\u00fcr Zivilcourage des Inner Wheel Circle<\/h2>\n\n\n\n<figure class=\"wp-block-image size-large\"><a href=\"http:\/\/www.burmester.musin.de\/cms\/wp-content\/uploads\/2022\/05\/DSC01485-2-scaled.jpg\"><img decoding=\"async\" width=\"1024\" height=\"676\" src=\"http:\/\/www.burmester.musin.de\/cms\/wp-content\/uploads\/2022\/05\/DSC01485-2-1024x676.jpg\" alt=\"\" class=\"wp-image-4610\" srcset=\"http:\/\/www.burmester.musin.de\/cms\/wp-content\/uploads\/2022\/05\/DSC01485-2-1024x676.jpg 1024w, http:\/\/www.burmester.musin.de\/cms\/wp-content\/uploads\/2022\/05\/DSC01485-2-300x198.jpg 300w, http:\/\/www.burmester.musin.de\/cms\/wp-content\/uploads\/2022\/05\/DSC01485-2-768x507.jpg 768w, http:\/\/www.burmester.musin.de\/cms\/wp-content\/uploads\/2022\/05\/DSC01485-2-1536x1014.jpg 1536w, http:\/\/www.burmester.musin.de\/cms\/wp-content\/uploads\/2022\/05\/DSC01485-2-2048x1352.jpg 2048w, http:\/\/www.burmester.musin.de\/cms\/wp-content\/uploads\/2022\/05\/DSC01485-2-676x446.jpg 676w\" sizes=\"(max-width: 1024px) 100vw, 1024px\" \/><\/a><figcaption>Grundschule Burmesterstra\u00dfe,  Preisverleihung &#8220;Inner Wheel&#8221;, Heldinnen der Coronakrise, 20.05.22 foto: Oliver Bodmer<\/figcaption><\/figure>\n\n\n\n<p>Am Abend des 20.Mai 2022 wurden in der Alten Rotationshalle des Pressehauses M\u00fcnchner Merkur unter dem Motto \u201eSchau hin, handle klug\u201c die HeldInnen der Coronakrise ausgezeichnet.&nbsp;<\/p>\n\n\n\n<p>Aus mehr als 20 Grundschulen aus ganz Bayern, die sich f\u00fcr den Inner Wheel Zivilcouragepreis beworben haben, wurde die Burmesterschule von einer Jury aus VertreterInnen des M\u00fcnchner Inner Wheel Clubs, Professoren f\u00fcr Grundschulp\u00e4dagogik und Didaktik der LMU-M\u00fcnchen sowie VertreterInnen des Bayerischen Lehrer- und Lehrerinnen Verbandes e.V., des Bayerischen Elternverbandes e.V. und der Dominik-Brunner-Stiftung als Sieger gek\u00fcrt. Das Preisgeld betr\u00e4gt 2.500 Euro.<\/p>\n\n\n\n<p>Simone Fleischmann, Pr\u00e4sidentin des Bayerischen Lehrer- und Lehrerinnenverbandes e.V., hielt die Laudatio f\u00fcr den ersten Platz. Geehrt wurde unsere Schulfamilie f\u00fcr das vielf\u00e4ltige Angebot, das Sch\u00fclerInnen, LehrerInnen und Eltern dabei half, die Corona-Pandemie gemeinsam besser zu meistern.<\/p>\n\n\n\n<p>Aufgez\u00e4hlt wurde aus dem Schulprogramm unter anderem die Taskforce Digitalisierung, unsere \u201eNummer gegen Kummer\u201c f\u00fcr in Not geratene Sch\u00fclerInnen und Familien, die virtuellen Geburtstagsfeiern, die St\u00e4rkung der Resilienz durch extra eingef\u00fchrte Elterninfo-Abende, die Schulosterhasen in den Briefk\u00e4sten der Sch\u00fclerInnen, die Einf\u00fchrung von Sprachpatenschaften f\u00fcr Eltern, die Sommerschule und schlie\u00dflich die Schwimmkurse f\u00fcr Dritt- und Viertkl\u00e4ssler.<\/p>\n\n\n\n<p>Unsere Rektorin Ulrike Arndt war sichtlich ger\u00fchrt: \u201eWir waren zusammen, obwohl wir nicht zusammen waren. Wir wussten gleich zu Beginn der Pandemie, dass wir (die Konrektorin und ich) den Motor am Laufen halten mussten und das ist uns nur gelungen durch unsere gut funktionierende Schulfamilie. Durch dieses Top Team und die vertrauensvolle Unterst\u00fctzung der Eltern konnten die Kinder angebunden und die Lehrer motiviert bleiben und so konnten wir gut durch die Pandemie kommen.\u201c<\/p>\n\n\n\n<p>Wir danken dem Elternbeirat, der die Burmesterschule f\u00fcr den Zivilcouragepreis empfohlen hat und freuen uns schon auf die n\u00e4chste Preisverleihung.<\/p>\n\n\n\n<p>Einen Zeitungsartikel aus der TZ vom 23.05.2022 finden Sie&nbsp;<a href=\"https:\/\/www.tz.de\/muenchen\/stadt\/schwabing-freimann-ort43408\/muenchen-schulen-fuer-einfallsreiche-loeungen-waehrend-der-pandemie-ausgezeichnet-91566202.html\">hier<\/a>.<\/p>\n\n\n\n<p>Unser Bewerbungsvideo beim Inner Wheel Circle finden Sie hier. Bitte benutzen Sie das Ihnen bekannte Passwort.<\/p>\n\n\n<div class=\"sdm_download_button_box_default\"><div class=\"sdm_download_link\"><span class=\"sdm_enter_password_label_text\">Passwort zum Herunterladen eingeben:<\/span><form action=\"http:\/\/www.burmester.musin.de\/cms\/?sdm_process_download=1&#038;download_id=4602\" method=\"post\" id=\"sdm-pass-69d2bf6022c51\" class=\"sdm-download-form\"><input type=\"password\" name=\"pass_text\" class=\"sdm_pass_text\" value=\"\" \/> <span class=\"sdm-download-button\"><a href=\"#\" name=\"sdm_dl_pass_submit\" class=\"pass_sumbit sdm_pass_protected_download sdm_download_with_condition sdm_download green\">Jetzt herunterladen!<\/a><\/span><input type=\"hidden\" name=\"download_id\" value=\"4602\" \/><\/form><\/div><\/div>\n\n\n<h2 class=\"wp-block-heading\">Kinderkonzert \u201eOdyssee\u201c<\/h2>\n\n\n\n<p>Am Montag den 16.05. 2022 waren Musiker des Symphonieorchesters des Bayerischen Rundfunks mit dem Kinderkonzert \u201eOdyssee\u201c an unserer Schule zu Besuch.&nbsp;<\/p>\n\n\n\n<figure class=\"wp-block-image\"><a href=\"http:\/\/www.burmester.musin.de\/cms\/wp-content\/uploads\/2022\/05\/sz.1.5585854.webp\"><img decoding=\"async\" width=\"1024\" height=\"683\" src=\"http:\/\/www.burmester.musin.de\/cms\/wp-content\/uploads\/2022\/05\/sz.1.5585854-1024x683.webp\" alt=\"\" class=\"wp-image-4525\" srcset=\"http:\/\/www.burmester.musin.de\/cms\/wp-content\/uploads\/2022\/05\/sz.1.5585854-1024x683.webp 1024w, http:\/\/www.burmester.musin.de\/cms\/wp-content\/uploads\/2022\/05\/sz.1.5585854-300x200.webp 300w, http:\/\/www.burmester.musin.de\/cms\/wp-content\/uploads\/2022\/05\/sz.1.5585854-768x512.webp 768w, http:\/\/www.burmester.musin.de\/cms\/wp-content\/uploads\/2022\/05\/sz.1.5585854-676x451.webp 676w, http:\/\/www.burmester.musin.de\/cms\/wp-content\/uploads\/2022\/05\/sz.1.5585854.webp 1350w\" sizes=\"(max-width: 1024px) 100vw, 1024px\" \/><\/a><figcaption>Foto: Florian Peljak<\/figcaption><\/figure>\n\n\n\n<p>Einen Bericht aus der S\u00fcddeutschen Zeitung vom 17. Mai finden Sie&nbsp;<a href=\"http:\/\/Zwei Musiker des Symphonieorchesters des Bayerischen Rundfunks\">hier<\/a>.<\/p>\n","protected":false},"excerpt":{"rendered":"<p>Projekt \u201eSchule f\u00fcrs Leben\u201c: Kreisb\u00e4uerinnen begr\u00fc\u00dften die 4b am Farchanter \u201eBoanegger Hof\u201c Kreisb\u00e4uerin Christine Singer (links) und ihre Stellvertreterin Lisa Kr\u00f6tz (rechts hinten) mit den [&hellip;]<\/p>\n","protected":false},"author":2,"featured_media":0,"parent":0,"menu_order":0,"comment_status":"closed","ping_status":"closed","template":"","meta":{"passster_activate_protection":null,"passster_protect_child_pages":"","passster_protection_type":"password","passster_password":"","passster_activate_overwrite_defaults":"","passster_headline":"","passster_instruction":"","passster_placeholder":"","passster_button":"","passster_id":"","passster_activate_misc_settings":"","passster_redirect_url":"","passster_hide":"no","passster_area_shortcode":"","footnotes":""},"class_list":["post-4569","page","type-page","status-publish","hentry"],"_links":{"self":[{"href":"http:\/\/www.burmester.musin.de\/cms\/wp-json\/wp\/v2\/pages\/4569"}],"collection":[{"href":"http:\/\/www.burmester.musin.de\/cms\/wp-json\/wp\/v2\/pages"}],"about":[{"href":"http:\/\/www.burmester.musin.de\/cms\/wp-json\/wp\/v2\/types\/page"}],"author":[{"embeddable":true,"href":"http:\/\/www.burmester.musin.de\/cms\/wp-json\/wp\/v2\/users\/2"}],"replies":[{"embeddable":true,"href":"http:\/\/www.burmester.musin.de\/cms\/wp-json\/wp\/v2\/comments?post=4569"}],"version-history":[{"count":8,"href":"http:\/\/www.burmester.musin.de\/cms\/wp-json\/wp\/v2\/pages\/4569\/revisions"}],"predecessor-version":[{"id":4824,"href":"http:\/\/www.burmester.musin.de\/cms\/wp-json\/wp\/v2\/pages\/4569\/revisions\/4824"}],"wp:attachment":[{"href":"http:\/\/www.burmester.musin.de\/cms\/wp-json\/wp\/v2\/media?parent=4569"}],"curies":[{"name":"wp","href":"https:\/\/api.w.org\/{rel}","templated":true}]}}