{"id":693,"date":"2016-07-07T22:12:13","date_gmt":"2016-07-07T20:12:13","guid":{"rendered":"http:\/\/www.burmester.musin.de\/cms\/?page_id=693"},"modified":"2024-03-14T08:47:04","modified_gmt":"2024-03-14T07:47:04","slug":"betreuungsoptionen","status":"publish","type":"page","link":"http:\/\/www.burmester.musin.de\/cms\/eltern\/wissenswertes\/betreuungsoptionen\/","title":{"rendered":"Betreuungsoptionen"},"content":{"rendered":"\n<p><span style=\"color: #000000;\">Nachfolgend sind unterschiedlichen Betreuungsangebote und ihre Verzahnung mit den Klassenformen in einer graphischen \u00dcbersicht dargestellt.<\/span><\/p>\n\n\n\n<h2 class=\"wp-block-heading\">Aktuelle Situation<\/h2>\n\n\n\n<p><span style=\"color: #000000;\">Die Zahl an Sch\u00fclern und Erstkl\u00e4sslern im Sprengel der Burmesterschule ist &#8211; durch stetige Verdichtungen in Bestandsgebieten und Neubaugebieten (HaidPark, Freisinger Landstra\u00dfe) ungebrochen hoch. Die aktuell vorhandenen Optionen an Klassen- und Betreuungsangeboten sind vielf\u00e4ltig, aber von der Kapazit\u00e4t begrenzt, sodass gegebenenfalls nicht jede Familie ihr Wunschkonzept bekommen wird.<\/span><\/p>\n\n\n\n<blockquote class=\"wp-block-quote is-layout-flow wp-block-quote-is-layout-flow\">\n<p class=\"has-text-align-center\"><span style=\"color: #000000;\">&nbsp;<strong>Wichtig<\/strong>: Die Schule ist Ansprechpartner und in der Verantwortung f\u00fcr die verschiedenen Klassenformen und F\u00f6rderangebote, nicht f\u00fcr etwaige Betreuungsangebote. Sie sind <strong>angewiesen<\/strong> auf die nachmitt\u00e4gliche Betreuung Ihres Kindes? Die <strong>Verantwortung<\/strong> f\u00fcr eine passende Kombination aus Schul- und alternativem Betreuungsangebot <strong>liegt bei Ihnen als Eltern bzw. Elterziehungsberechtigten<\/strong>. Informieren Sie sich fr\u00fchzeitig \u00fcber die verschiedenen Betreuungsalternativen und -verf\u00fcgbarkeiten. Die Stadt unterst\u00fctzt auch Elterninitiativen, die eine eigene Betreuung auf die Beine stellen wollen.<\/span><\/p>\n<\/blockquote>\n\n\n\n<h2 class=\"wp-block-heading\">Betreuungsangebote (au\u00dferschulisch)<\/h2>\n\n\n\n<h3 class=\"wp-block-heading\">Hort<\/h3>\n\n\n\n<p><span style=\"color: #000000;\">Es liegen zwei Horte in unmittelbarer Nachbarschaft der Schule. Die Sch\u00fclerinnen und Sch\u00fcler werden ab dem jeweiligen Schulschluss bis l\u00e4ngstens 17.15 Uhr (freitags bis 17.00 Uhr) betreut. Um 13.15 Uhr gibt es Mittagessen. Hausaufgaben wechseln sich ab mit Spiel und Spa\u00df.<\/span><\/p>\n\n\n\n<h3 class=\"wp-block-heading\">Mittagsbetreuung<\/h3>\n\n\n\n<p><span style=\"color: #000000;\">Die Mittagsbetreuung bietet eine Alternative zum Hort. Sie ist kein staatliches, st\u00e4dtisches oder schulisches Angebot, sondern wird von einem Verein getragen. Derzeit 60 Kinder werden ab dem jeweiligen Schulschluss in einem separaten Raum innerhalb des Schulgeb\u00e4udes von bis zu 6 Mitarbeitern betreut. Erholung, Sport und Spiel stehen hier im Vordergrund. Die meiste freie Zeit verbringen die Kinder auf dem Schulhof. Es gibt 2 verschiedene Buchungszeiten: bis 14.00 Uhr ohne Mittagessen bzw. bis 15.30 Uhr mit Mittagessen und Hausaufgabenbetreuung. Die Anmeldung zur Mittagsbetreuung findet zeitgleich mit der Schuleinschreibung statt, die freien Pl\u00e4tze sind leider sehr begrenzt. Kontaktaufnahme ist per Mail m\u00f6glich: mittagsbetreuung.gs.burmester [\u00e4t] t-online.de<\/span><\/p>\n\n\n\n<h3 class=\"wp-block-heading\">Private Angebote<\/h3>\n\n\n\n<p><span style=\"color: #000000;\">Da wir private Angebote nicht hinsichtlich ihrer Qualit\u00e4t pr\u00fcfen, ver\u00f6ffentlichen wir diese aus Haftungsgr\u00fcnden nicht auf den Seiten der Schul-Homepage. Wenden Sie sich bitte hierf\u00fcr an die Elternberatung der Landeshauptstadt M\u00fcnchen, die Auskunft auch zu privaten Angeboten geben k\u00f6nnen sollten. Kontaktinformationen finden Sie am Ende dieser Seite.<\/span><\/p>\n\n\n\n<h2 class=\"wp-block-heading\">Verzahnung von Klassenformen und Betreuungsoptionen<\/h2>\n\n\n\n<p class=\"has-red-color has-text-color\">ACHTUNG: Die Adressen unserer beiden Horte haben sich ge\u00e4ndert:<\/p>\n\n\n\n<p class=\"has-red-color has-text-color\">Sie finden diese nun in der Burmesterstra\u00dfe 19a und Bauernfeindstra\u00dfe 26.&nbsp;<\/p>\n\n\n<div class=\"wp-block-image\">\n<figure class=\"aligncenter\"><a href=\"http:\/\/www.burmester.musin.de\/cms\/wp-content\/uploads\/2020\/02\/\u00dcbersicht-Klassen-und-Betreuungsoptionen.2020-2021.v2.png\"><img fetchpriority=\"high\" decoding=\"async\" width=\"960\" height=\"720\" src=\"http:\/\/www.burmester.musin.de\/cms\/wp-content\/uploads\/2020\/02\/\u00dcbersicht-Klassen-und-Betreuungsoptionen.2020-2021.v2.png\" alt=\"\" class=\"wp-image-1748\" srcset=\"http:\/\/www.burmester.musin.de\/cms\/wp-content\/uploads\/2020\/02\/\u00dcbersicht-Klassen-und-Betreuungsoptionen.2020-2021.v2.png 960w, http:\/\/www.burmester.musin.de\/cms\/wp-content\/uploads\/2020\/02\/\u00dcbersicht-Klassen-und-Betreuungsoptionen.2020-2021.v2-300x225.png 300w, http:\/\/www.burmester.musin.de\/cms\/wp-content\/uploads\/2020\/02\/\u00dcbersicht-Klassen-und-Betreuungsoptionen.2020-2021.v2-768x576.png 768w\" sizes=\"(max-width: 960px) 100vw, 960px\" \/><\/a><\/figure><\/div>\n\n\n<p>F<span style=\"color: #000000;\">\u00fcr konkrete Fragen hat die Landeshauptstadt M\u00fcnchen eine Elternberatung f\u00fcr den Grundschulbereich:<\/span><\/p>\n\n\n\n<ul class=\"wp-block-list\">\n<li><span style=\"color: #000000;\"><strong>Homepage<\/strong>:<\/span> <a href=\"http:\/\/www.muenchen.de\/dienstleistungsfinder\/muenchen\/10242186\/\">http:\/\/www.muenchen.de\/dienstleistungsfinder\/muenchen\/10242186\/<\/a><\/li>\n\n\n\n<li><span style=\"color: #000000;\"><strong>Kontakt Elternberatung f\u00fcr den Grundschulbereich<\/strong><\/span>\n<ul class=\"wp-block-list\">\n<li><span style=\"color: #000000;\">Telefon<\/span>nummer: 089\/233-96774<\/li>\n\n\n\n<li><span style=\"color: #000000;\">E-Mail:<\/span> <a href=\"mailto:a4-eltern@muenchen.de\">a4-eltern@muenchen.de<\/a><\/li>\n<\/ul>\n<\/li>\n<\/ul>\n\n\n\n<h2 class=\"wp-block-heading\">&nbsp;<\/h2>\n","protected":false},"excerpt":{"rendered":"<p>Nachfolgend sind unterschiedlichen Betreuungsangebote und ihre Verzahnung mit den Klassenformen in einer graphischen \u00dcbersicht dargestellt. Aktuelle Situation Die Zahl an Sch\u00fclern und Erstkl\u00e4sslern im Sprengel [&hellip;]<\/p>\n","protected":false},"author":3,"featured_media":0,"parent":756,"menu_order":0,"comment_status":"closed","ping_status":"closed","template":"","meta":{"passster_activate_protection":null,"passster_protect_child_pages":"","passster_protection_type":"password","passster_password":"","passster_activate_overwrite_defaults":"","passster_headline":"","passster_instruction":"","passster_placeholder":"","passster_button":"","passster_id":"","passster_activate_misc_settings":"","passster_redirect_url":"","passster_hide":"no","passster_area_shortcode":"","footnotes":""},"class_list":["post-693","page","type-page","status-publish","hentry"],"_links":{"self":[{"href":"http:\/\/www.burmester.musin.de\/cms\/wp-json\/wp\/v2\/pages\/693"}],"collection":[{"href":"http:\/\/www.burmester.musin.de\/cms\/wp-json\/wp\/v2\/pages"}],"about":[{"href":"http:\/\/www.burmester.musin.de\/cms\/wp-json\/wp\/v2\/types\/page"}],"author":[{"embeddable":true,"href":"http:\/\/www.burmester.musin.de\/cms\/wp-json\/wp\/v2\/users\/3"}],"replies":[{"embeddable":true,"href":"http:\/\/www.burmester.musin.de\/cms\/wp-json\/wp\/v2\/comments?post=693"}],"version-history":[{"count":55,"href":"http:\/\/www.burmester.musin.de\/cms\/wp-json\/wp\/v2\/pages\/693\/revisions"}],"predecessor-version":[{"id":6312,"href":"http:\/\/www.burmester.musin.de\/cms\/wp-json\/wp\/v2\/pages\/693\/revisions\/6312"}],"up":[{"embeddable":true,"href":"http:\/\/www.burmester.musin.de\/cms\/wp-json\/wp\/v2\/pages\/756"}],"wp:attachment":[{"href":"http:\/\/www.burmester.musin.de\/cms\/wp-json\/wp\/v2\/media?parent=693"}],"curies":[{"name":"wp","href":"https:\/\/api.w.org\/{rel}","templated":true}]}}